{"id":118,"date":"2017-03-06T08:49:52","date_gmt":"2017-03-06T08:49:52","guid":{"rendered":"http:\/\/bedmil.fi\/?page_id=118"},"modified":"2017-08-09T13:37:11","modified_gmt":"2017-08-09T13:37:11","slug":"yhteystiedot","status":"publish","type":"page","link":"https:\/\/bedmil.fi\/?page_id=118","title":{"rendered":"Yhteystiedot"},"content":{"rendered":"<p style=\"text-align: left;\"><img loading=\"lazy\" decoding=\"async\" class=\"alignnone wp-image-11 aligncenter\" src=\"https:\/\/bedmil.fi\/wp-content\/uploads\/2017\/02\/bedmil.png-300x87.png\" alt=\"\" width=\"386\" height=\"112\" \/><\/p>\n<p style=\"text-align: center;\">Avoinna sopimuksen mukaan.<br \/>\nKs. Facebook<\/p>\n<p style=\"text-align: center;\">Iso kyl\u00e4tie 7, 04130 Sipoo<\/p>\n<p style=\"text-align: center;\">puhelin: 040-596 9398<\/p>\n<p style=\"text-align: center;\">s\u00e4hk\u00f6posti: merja@bedmil.fi<\/p>\n<p style=\"text-align: center;\">\u00a0<a href=\"https:\/\/bedmil.fi\/?page_id=181\">Ota Yhteytt\u00e4.<\/a><\/p>\n<p style=\"text-align: center;\"><img loading=\"lazy\" decoding=\"async\" class=\"alignnone wp-image-475\" src=\"https:\/\/bedmil.fi\/wp-content\/uploads\/2017\/03\/sininen-talo-tummennettu-300x201.jpeg\" alt=\"\" width=\"397\" height=\"266\" srcset=\"https:\/\/bedmil.fi\/wp-content\/uploads\/2017\/03\/sininen-talo-tummennettu-300x201.jpeg 300w, https:\/\/bedmil.fi\/wp-content\/uploads\/2017\/03\/sininen-talo-tummennettu-768x514.jpeg 768w, https:\/\/bedmil.fi\/wp-content\/uploads\/2017\/03\/sininen-talo-tummennettu-1024x686.jpeg 1024w, https:\/\/bedmil.fi\/wp-content\/uploads\/2017\/03\/sininen-talo-tummennettu-700x469.jpeg 700w\" sizes=\"auto, (max-width: 397px) 100vw, 397px\" \/><\/p>\n<p style=\"text-align: center;\">kuva: Saila Kaitila<\/p>\n","protected":false},"excerpt":{"rendered":"<p>Avoinna sopimuksen mukaan. Ks. Facebook Iso kyl\u00e4tie 7, 04130 Sipoo puhelin: 040-596 9398 s\u00e4hk\u00f6posti: merja@bedmil.fi \u00a0Ota Yhteytt\u00e4. kuva: Saila Kaitila<\/p>\n","protected":false},"author":1,"featured_media":0,"parent":0,"menu_order":0,"comment_status":"closed","ping_status":"closed","template":"","meta":{"footnotes":""},"class_list":["post-118","page","type-page","status-publish","hentry"],"_links":{"self":[{"href":"https:\/\/bedmil.fi\/index.php?rest_route=\/wp\/v2\/pages\/118","targetHints":{"allow":["GET"]}}],"collection":[{"href":"https:\/\/bedmil.fi\/index.php?rest_route=\/wp\/v2\/pages"}],"about":[{"href":"https:\/\/bedmil.fi\/index.php?rest_route=\/wp\/v2\/types\/page"}],"author":[{"embeddable":true,"href":"https:\/\/bedmil.fi\/index.php?rest_route=\/wp\/v2\/users\/1"}],"replies":[{"embeddable":true,"href":"https:\/\/bedmil.fi\/index.php?rest_route=%2Fwp%2Fv2%2Fcomments&post=118"}],"version-history":[{"count":35,"href":"https:\/\/bedmil.fi\/index.php?rest_route=\/wp\/v2\/pages\/118\/revisions"}],"predecessor-version":[{"id":500,"href":"https:\/\/bedmil.fi\/index.php?rest_route=\/wp\/v2\/pages\/118\/revisions\/500"}],"wp:attachment":[{"href":"https:\/\/bedmil.fi\/index.php?rest_route=%2Fwp%2Fv2%2Fmedia&parent=118"}],"curies":[{"name":"wp","href":"https:\/\/api.w.org\/{rel}","templated":true}]}}