{"id":21,"date":"2017-02-27T12:38:30","date_gmt":"2017-02-27T12:38:30","guid":{"rendered":"http:\/\/bedmil.fi\/?page_id=21"},"modified":"2021-03-08T09:18:22","modified_gmt":"2021-03-08T09:18:22","slug":"hyvan-olon-olohuone","status":"publish","type":"page","link":"https:\/\/bedmil.fi\/","title":{"rendered":"Etusivu"},"content":{"rendered":"<h3>TERVETULOA<br \/>\nBEDMILIN HYV\u00c4N OLON OLOHUONEESEEN!<\/h3>\n<p>Bedmil viett\u00e4\u00e4 t\u00e4n\u00e4 vuonna 18 vuotis syntt\u00e4reit\u00e4\u00e4n, eli t\u00e4ysi-ik\u00e4isyys kolkuttelee jo l\u00e4hell\u00e4. \u00a0Tuusulan ja Keravan kautta Sipoolaistunut sisustusliike on kotiutunut It\u00e4-Uudellemaalle loistavasti. Tunnelmallinen putiikki palvelee asiakkaita yli 100 vuotiaassa \u00a0talossa Nikkil\u00e4n keskustassa. El\u00e4mme Villa Wegassa sopuisaa rinnakkaineloa, sill\u00e4 iso talo k\u00e4tkee sis\u00e4\u00e4ns\u00e4 puodin lis\u00e4ksi my\u00f6s kodin perheelleni \u00a0ja meid\u00e4n kaikenkarvaisille kavereille. Sipoon sininen talo on unelmieni t\u00e4yttymys monella tavalla&#8230; Nyt on kuitenkin aika levitt\u00e4\u00e4 siivet uusille tuulille ja unelmille, muokata toimintamallia t\u00e4h\u00e4n hetkeen sopivaksi.<\/p>\n<h5>HYVINVOINNIN, MUODIN JA SISUSTAMISEN YHDIST\u00c4MINEN<\/h5>\n<p>Sisustusalan yritt\u00e4j\u00e4n\u00e4 jo vuodesta 2000. Intohimo ja suuri rakkaus omaa ty\u00f6t\u00e4 kohtaan saattaa vied\u00e4 pienen ihmisen niin kokonaisvaltaisesti, ettei vuosien kulkua voi mitenk\u00e4\u00e4n uskoa, saati ymm\u00e4rt\u00e4\u00e4. Ymm\u00e4rrys tuleekin usein kriisin tai pakkopys\u00e4hdyksen kautta. En halunnut j\u00e4\u00e4d\u00e4 odottamaan t\u00e4t\u00e4 hetke\u00e4, vaan annoin itselleni luvan katsella ymp\u00e4rille avoimin silmin ja mielin, rakastuikin tulisesti toistamiseen ja alkoi vimmattu ajatusty\u00f6.<br \/>\nMill\u00e4 yhdist\u00e4\u00e4 kaksi syd\u00e4men asiaa, sisustamisen ja hyvinvoinnin? Oman kokemuksen kautta oli syttynyt palava halu auttaa my\u00f6s muita ymp\u00e4rill\u00e4ni voimaan paremmin. Luennot ja koulutukset ravitsemuksen alalla pakottivat supistamaan liikkeen aukioloaikoja ja raivaamaan tilaa uudelle. Valikoimiin ovat l\u00f6yt\u00e4neet tiens\u00e4 my\u00f6s naisten vaatteet ja asusteet. Yritt\u00e4j\u00e4n syd\u00e4n sykkii edelleen verhoille ja muille sisustustekstiileille, tapeteille, valaisimille, matoille ym.\u00a0 \u00a0Valikoimista l\u00f6yd\u00e4t my\u00f6s ekologiset pesuaineet, huonetuoksut ja ilmanpuhdistimet. T\u00e4n\u00e4 p\u00e4iv\u00e4n\u00e4 Sisustus Bedmil on paitsi sisutussuunnitteluun ja toteutukseen erikoistunut lifestyle myym\u00e4l\u00e4, my\u00f6s Hyv\u00e4n Olon Olohuone.<\/p>\n<h5><img loading=\"lazy\" decoding=\"async\" class=\" wp-image-268 alignleft\" src=\"https:\/\/bedmil.fi\/wp-content\/uploads\/2017\/03\/416n-mq0f2rks-800x800-233x300.jpg\" alt=\"\" width=\"358\" height=\"461\" srcset=\"https:\/\/bedmil.fi\/wp-content\/uploads\/2017\/03\/416n-mq0f2rks-800x800-233x300.jpg 233w, https:\/\/bedmil.fi\/wp-content\/uploads\/2017\/03\/416n-mq0f2rks-800x800.jpg 620w\" sizes=\"auto, (max-width: 358px) 100vw, 358px\" \/>TAPAHTUMIA JA TEEMAP\u00c4IVI\u00c4 SEK\u00c4 RYHMIEN VIERAILUJA<\/h5>\n<p>J\u00e4rjest\u00e4mme erilaisia sisustuksen ja \u00a0hyvinvoinnin teemap\u00e4ivi\u00e4.<\/p>\n<p>Ota yhteytt\u00e4, suunnitellaan yhdess\u00e4 sinun ryhm\u00e4si mukainen ilta-\/ p\u00e4iv\u00e4tilaisuus tai tapahtuma.<\/p>\n<p>N\u00e4hd\u00e4\u00e4n Hyv\u00e4n Olon Olohuoneessa !<br \/>\nTerveisin Merja<\/p>\n<p><img loading=\"lazy\" decoding=\"async\" class=\" wp-image-11 alignnone\" src=\"https:\/\/bedmil.fi\/wp-content\/uploads\/2017\/02\/bedmil.png-300x87.png\" alt=\"\" width=\"248\" height=\"72\" \/><\/p>\n","protected":false},"excerpt":{"rendered":"<p>TERVETULOA BEDMILIN HYV\u00c4N OLON OLOHUONEESEEN! Bedmil viett\u00e4\u00e4 t\u00e4n\u00e4 vuonna 18 vuotis syntt\u00e4reit\u00e4\u00e4n, eli t\u00e4ysi-ik\u00e4isyys kolkuttelee jo l\u00e4hell\u00e4. \u00a0Tuusulan ja Keravan kautta Sipoolaistunut sisustusliike on kotiutunut It\u00e4-Uudellemaalle loistavasti. Tunnelmallinen putiikki palvelee asiakkaita yli 100 vuotiaassa \u00a0talossa Nikkil\u00e4n keskustassa. El\u00e4mme Villa Wegassa sopuisaa rinnakkaineloa, sill\u00e4 iso talo&#8230;<\/p>\n","protected":false},"author":1,"featured_media":0,"parent":0,"menu_order":0,"comment_status":"closed","ping_status":"closed","template":"","meta":{"footnotes":""},"class_list":["post-21","page","type-page","status-publish","hentry"],"_links":{"self":[{"href":"https:\/\/bedmil.fi\/index.php?rest_route=\/wp\/v2\/pages\/21","targetHints":{"allow":["GET"]}}],"collection":[{"href":"https:\/\/bedmil.fi\/index.php?rest_route=\/wp\/v2\/pages"}],"about":[{"href":"https:\/\/bedmil.fi\/index.php?rest_route=\/wp\/v2\/types\/page"}],"author":[{"embeddable":true,"href":"https:\/\/bedmil.fi\/index.php?rest_route=\/wp\/v2\/users\/1"}],"replies":[{"embeddable":true,"href":"https:\/\/bedmil.fi\/index.php?rest_route=%2Fwp%2Fv2%2Fcomments&post=21"}],"version-history":[{"count":38,"href":"https:\/\/bedmil.fi\/index.php?rest_route=\/wp\/v2\/pages\/21\/revisions"}],"predecessor-version":[{"id":516,"href":"https:\/\/bedmil.fi\/index.php?rest_route=\/wp\/v2\/pages\/21\/revisions\/516"}],"wp:attachment":[{"href":"https:\/\/bedmil.fi\/index.php?rest_route=%2Fwp%2Fv2%2Fmedia&parent=21"}],"curies":[{"name":"wp","href":"https:\/\/api.w.org\/{rel}","templated":true}]}}