{"id":36,"date":"2017-02-27T13:01:05","date_gmt":"2017-02-27T13:01:05","guid":{"rendered":"http:\/\/bedmil.fi\/?page_id=36"},"modified":"2021-03-08T09:22:08","modified_gmt":"2021-03-08T09:22:08","slug":"palvelut-bedmil","status":"publish","type":"page","link":"https:\/\/bedmil.fi\/?page_id=36","title":{"rendered":"Sisustuspalvelut"},"content":{"rendered":"<h3><img loading=\"lazy\" decoding=\"async\" class=\"size-medium wp-image-11 alignnone\" src=\"https:\/\/bedmil.fi\/wp-content\/uploads\/2017\/02\/bedmil.png-300x87.png\" alt=\"\" width=\"300\" height=\"87\" \/><\/h3>\n<h3>SISUSTUSSUUNNITTELU ON KAHDEN KAUPPA<img loading=\"lazy\" decoding=\"async\" class=\"alignright wp-image-108\" title=\"Vintage canap\u008e\" src=\"http:\/\/sisustussuunnittelu-espoo.com\/files\/2012\/10\/VTG-Vintage1-256x300.jpg\" sizes=\"auto, (max-width: 256px) 100vw, 256px\" srcset=\"http:\/\/sisustussuunnittelu-espoo.com\/files\/2012\/10\/VTG-Vintage1-256x300.jpg 256w, http:\/\/sisustussuunnittelu-espoo.com\/files\/2012\/10\/VTG-Vintage1-500x585.jpg 500w\" alt=\"\" width=\"309\" height=\"363\" \/><\/h3>\n<p>Suunnittelun pohjana on aina asiakkaan toiveet ja tilan toiminnallisuus estetiikasta tinkim\u00e4tt\u00e4.\u00a0Bedmilin oma kiistaton vahvuus on v\u00e4ri- ja tekstiilisuunnittelussa, eli pintamateriaaleissa ja huonekaluissa. Kattavan yhteisty\u00f6verkostomme avulla palvelemme kuitenkin sisustuksen jokaisella osa-alueella.<\/p>\n<h3 style=\"text-align: left;\">KONSULTOINTIK\u00c4YNTI<\/h3>\n<p style=\"text-align: left;\">Konsultointik\u00e4ynti on matalan kynnyksen aloitus suunnittelulle. Varaamme k\u00e4ynnille noin 2 tuntia, jonka aikana kartotamme muutostarpeita sek\u00e4 mahdollisesti ratkomme jo ongelmakohtia tai pohdimme eri vaihtoehtoja yhdess\u00e4 asiakkaan kanssa. Konsultointik\u00e4ynnist\u00e4 j\u00e4\u00e4 \u201dty\u00f6kaluja\u201d asiakkaan \u00a0omaan ideointiin ja pohdintaan tai siit\u00e4 seuraa suunnittelusopimus, jolloin asiakas saa suunnitelman kirjallisena sovitussa laajuudessa.<\/p>\n<h3 class=\"postcontent\">V\u00c4RI- JA TEKSTIILISUUNNITELMA<\/h3>\n<p class=\"postcontent\"><img loading=\"lazy\" decoding=\"async\" class=\"wp-image-139 alignleft\" src=\"https:\/\/bedmil.fi\/wp-content\/uploads\/2017\/02\/DSCF7716-200x300.jpg\" alt=\"\" width=\"419\" height=\"629\" srcset=\"https:\/\/bedmil.fi\/wp-content\/uploads\/2017\/02\/DSCF7716-200x300.jpg 200w, https:\/\/bedmil.fi\/wp-content\/uploads\/2017\/02\/DSCF7716-768x1152.jpg 768w, https:\/\/bedmil.fi\/wp-content\/uploads\/2017\/02\/DSCF7716-683x1024.jpg 683w, https:\/\/bedmil.fi\/wp-content\/uploads\/2017\/02\/DSCF7716-700x1050.jpg 700w\" sizes=\"auto, (max-width: 419px) 100vw, 419px\" \/>Jos haluat suunnitteluapua pintojen\u00a0uusimisessa, puhumme v\u00e4ri- ja\u00a0tekstiilisuunnitelusta. L\u00e4ht\u00f6kohtana suunnittelulle ovat luonnollisesti olemassaolevat s\u00e4ilytett\u00e4v\u00e4t pinnat ja kalusteet. K\u00e4ymme l\u00e4pi asiakkaan toiveet\u00a0\u00a0Valitsemme tapetit runsaasta valikoimastamme sek\u00e4 nime\u00e4mme v\u00e4rit ja koodit maalattaville pinnoille.\u00a0Tekstiilit luovat tunnelman. Verhot, matot, p\u00e4iv\u00e4peitteet, sisustustyynyt, p\u00f6yt\u00e4liinat&#8230;, kaikella on t\u00e4rke\u00e4 roolinsa lopputuloksen kannalta.<\/p>\n<p class=\"postcontent\">V\u00e4ri- ja tekstiilisuunnitelman voi pilkkoa osiin, niinkuin mink\u00e4 tahansa suunnitelman. Esimerkiksi verhosuunnitelma on yksi suurimmista yksitt\u00e4isist\u00e4 osa-alueista.<\/p>\n<h3><\/h3>\n<div class=\"postcontent\">\n<h3>VERHOT YM TEKSTIILIT<\/h3>\n<h3 style=\"text-align: left;\"><img loading=\"lazy\" decoding=\"async\" class=\"wp-image-263 alignright\" src=\"https:\/\/bedmil.fi\/wp-content\/uploads\/2017\/03\/pagunette-rento-pellava\u2026-kauempaa-225x300.jpg\" alt=\"\" width=\"318\" height=\"424\" srcset=\"https:\/\/bedmil.fi\/wp-content\/uploads\/2017\/03\/pagunette-rento-pellava\u2026-kauempaa-225x300.jpg 225w, https:\/\/bedmil.fi\/wp-content\/uploads\/2017\/03\/pagunette-rento-pellava\u2026-kauempaa-768x1024.jpg 768w, https:\/\/bedmil.fi\/wp-content\/uploads\/2017\/03\/pagunette-rento-pellava\u2026-kauempaa-600x800.jpg 600w, https:\/\/bedmil.fi\/wp-content\/uploads\/2017\/03\/pagunette-rento-pellava\u2026-kauempaa-700x933.jpg 700w, https:\/\/bedmil.fi\/wp-content\/uploads\/2017\/03\/pagunette-rento-pellava\u2026-kauempaa.jpg 1200w\" sizes=\"auto, (max-width: 318px) 100vw, 318px\" \/><\/h3>\n<ul>\n<li>suunnittelu<\/li>\n<li>ompelu<\/li>\n<li>asennus<\/li>\n<\/ul>\n<h4><\/h4>\n<h4><\/h4>\n<h4>SUUNNITTELU<\/h4>\n<\/div>\n<p>Bedmil on ennenkaikkea VERHOJEN YM- ja SISUSTUSTEKSTIILIEN \u00a0ammattilainen SUUNNITTELUSTA TOTEUTUKSEEN. L\u00e4hes 18 vuoden kokemuksella uskallan v\u00e4itt\u00e4\u00e4, ett\u00e4 l\u00f6yd\u00e4mme oikeanlaiset verhot kaikenlaisiin kohteisiin, olipa kyse kodista tai julkisesta tilasta. Suunnitteluprojekti alkaa keskustelulla asiakkaan kanssa ja rakennuksen henke\u00e4 ja tyyli\u00e4 kuunnellen. Verhosunnittelu voidaan tehd\u00e4 kuvien ja tarkkojen mittojen avulla myym\u00e4l\u00e4ss\u00e4mme Sipoon sinisess\u00e4 talossa, mutta suosittelen l\u00e4mpim\u00e4sti aina katselmusk\u00e4ynti\u00e4 kohteessa, t\u00e4ll\u00e4 k\u00e4ynnill\u00e4 saamme parhaan yleiskuvan ja useimmiten verhon malli selvi\u00e4\u00e4 ja saamme otettua jo tarvittavat mitat verhojen tarjouslaskentaa ja toteutusta varten. Kangasvalintaa varten sovimme uuden ajan joko myym\u00e4l\u00e4ss\u00e4 tai kohteessa. Keskustelujen pohjalta valitsen muutamia vaihtoehtoja ehdolle ja p\u00e4\u00e4semme sujuvasti valinnnoissa eteenp\u00e4in. Verhokankaiden valintaa s\u00e4\u00e4telee verhojen funktio, \u00a0haluatko peitt\u00e4\u00e4, piment\u00e4\u00e4, erist\u00e4\u00e4, vaikuttaa akustiikkaan, ym ym. Otamme huomioon edell\u00e4mainitut toiveet estetiikkaa unohtamatta. Verhomalli m\u00e4\u00e4ritt\u00e4\u00e4 kiinnitystavan, ts. kannattaa j\u00e4tt\u00e4\u00e4 tankojen ja kiskojen hankinta viimeiseksi, ensin verhot jonka j\u00e4lkeen ehdotamme sopivimmat kiskot, mekanismit tai tangot.<\/p>\n<div class=\"entry-content\">\n<h4>OMPELU<\/h4>\n<p>Ompelijamme toteuttavat verho ym sisustustekstiilisuunnitelmat pitk\u00e4n kokemuksen tuomalla rautaisella ammattitaidolla ja sovitussa aikataulussa. \u00a0Saat kaikki verhomallit, \u00a0tyynyt, torkkupeitot, tuolinhuput, p\u00f6yt\u00e4liinat, p\u00e4iv\u00e4peitteet, patjansuojukset, helmalakanat ym tekstiilit samasta paikasta ns avaimet k\u00e4teen pakettina.<\/p>\n<h4>ASENNUS<\/h4>\n<p>Kiskojen ja tankojen asennus hoituu kauttamme vaivattomasti, mutta halutetassasi koko palvelu on pilkottavissa osiin. Meilt\u00e4 voit my\u00f6s tilata vain kankaat tai kiinnitysj\u00e4rjestelm\u00e4n ja ommella ja asentaa itse.<\/p>\n<\/div>\n<p><strong>\u00a0<\/strong><\/p>\n<div class=\"entry-content\">\n<\/div>\n","protected":false},"excerpt":{"rendered":"<p>SISUSTUSSUUNNITTELU ON KAHDEN KAUPPA Suunnittelun pohjana on aina asiakkaan toiveet ja tilan toiminnallisuus estetiikasta tinkim\u00e4tt\u00e4.\u00a0Bedmilin oma kiistaton vahvuus on v\u00e4ri- ja tekstiilisuunnittelussa, eli pintamateriaaleissa ja huonekaluissa. Kattavan yhteisty\u00f6verkostomme avulla palvelemme kuitenkin sisustuksen jokaisella osa-alueella. KONSULTOINTIK\u00c4YNTI Konsultointik\u00e4ynti on matalan kynnyksen aloitus suunnittelulle. Varaamme k\u00e4ynnille noin 2&#8230;<\/p>\n","protected":false},"author":1,"featured_media":0,"parent":0,"menu_order":0,"comment_status":"closed","ping_status":"closed","template":"","meta":{"footnotes":""},"class_list":["post-36","page","type-page","status-publish","hentry"],"_links":{"self":[{"href":"https:\/\/bedmil.fi\/index.php?rest_route=\/wp\/v2\/pages\/36","targetHints":{"allow":["GET"]}}],"collection":[{"href":"https:\/\/bedmil.fi\/index.php?rest_route=\/wp\/v2\/pages"}],"about":[{"href":"https:\/\/bedmil.fi\/index.php?rest_route=\/wp\/v2\/types\/page"}],"author":[{"embeddable":true,"href":"https:\/\/bedmil.fi\/index.php?rest_route=\/wp\/v2\/users\/1"}],"replies":[{"embeddable":true,"href":"https:\/\/bedmil.fi\/index.php?rest_route=%2Fwp%2Fv2%2Fcomments&post=36"}],"version-history":[{"count":61,"href":"https:\/\/bedmil.fi\/index.php?rest_route=\/wp\/v2\/pages\/36\/revisions"}],"predecessor-version":[{"id":519,"href":"https:\/\/bedmil.fi\/index.php?rest_route=\/wp\/v2\/pages\/36\/revisions\/519"}],"wp:attachment":[{"href":"https:\/\/bedmil.fi\/index.php?rest_route=%2Fwp%2Fv2%2Fmedia&parent=36"}],"curies":[{"name":"wp","href":"https:\/\/api.w.org\/{rel}","templated":true}]}}