{"id":45,"date":"2017-02-27T13:03:25","date_gmt":"2017-02-27T13:03:25","guid":{"rendered":"http:\/\/bedmil.fi\/?page_id=45"},"modified":"2017-03-15T18:09:04","modified_gmt":"2017-03-15T18:09:04","slug":"hyvan-olon-olohuone-2","status":"publish","type":"page","link":"https:\/\/bedmil.fi\/?page_id=45","title":{"rendered":"Hyv\u00e4n Olon Olohuone"},"content":{"rendered":"<h3 style=\"text-align: left;\"><img loading=\"lazy\" decoding=\"async\" class=\"wp-image-256 alignleft\" src=\"https:\/\/bedmil.fi\/wp-content\/uploads\/2017\/03\/ohut-pellava-sininen-226x300.jpg\" alt=\"\" width=\"349\" height=\"463\" srcset=\"https:\/\/bedmil.fi\/wp-content\/uploads\/2017\/03\/ohut-pellava-sininen-226x300.jpg 226w, https:\/\/bedmil.fi\/wp-content\/uploads\/2017\/03\/ohut-pellava-sininen-768x1018.jpg 768w, https:\/\/bedmil.fi\/wp-content\/uploads\/2017\/03\/ohut-pellava-sininen-772x1024.jpg 772w, https:\/\/bedmil.fi\/wp-content\/uploads\/2017\/03\/ohut-pellava-sininen-700x928.jpg 700w, https:\/\/bedmil.fi\/wp-content\/uploads\/2017\/03\/ohut-pellava-sininen.jpg 1207w\" sizes=\"auto, (max-width: 349px) 100vw, 349px\" \/>HYV\u00c4N OLON OLOHUONE \u00a0&#8221;INVEST IN YOURSELF&#8221;<\/h3>\n<h4>-Olohuone on paikka kauneudelle ja hyvinvoinnille-<\/h4>\n<p>J\u00e4rjest\u00e4mme teemap\u00e4ivi\u00e4 ja tietoiskuja kokonaisvaltaisen hyvinvoinnin eri osa-alueilta. ( Alkaen syksy 2017)<\/p>\n<ul>\n<li>Estetiikka ja Harmonia<\/li>\n<li>Kauneus<\/li>\n<li>Rentoutus<\/li>\n<li>Ravinnon voima<\/li>\n<li>Puhtaat lis\u00e4ravinteet<\/li>\n<\/ul>\n<p>&nbsp;<\/p>\n<h4>Kehon puhdistusohjelma CellReset<\/h4>\n<p>&#8211; Haluatko eroon vuosien saatossa kehoon kertyneest\u00e4 kuonasta. CellReset ohjelma on turvallinen ja helppo aineenvaihduntaohjelma, jonka avulla jo yli 100 000 ihmist\u00e4 ymp\u00e4ri maailman on saanut painon pysym\u00e4\u00e4n kurissa ja el\u00e4m\u00e4nilon ja energian uudelle tasolle.<\/p>\n<p>L\u00e4hde mukaan 28+60 p\u00e4iv\u00e4\u00e4 kest\u00e4v\u00e4lle hyvinvointimatkalle\/kimppakuurille.<br \/>\nOta yhteytt\u00e4, saat aikataulun ja lis\u00e4tietoja kev\u00e4\u00e4n ryhm\u00e4st\u00e4.<\/p>\n<p>&nbsp;<\/p>\n<h5>Etsimme iloiseen joukkoomme uusia yhteisty\u00f6kumppaneita hyvinvoinnin alalta.<br \/>\nOlisitko sin\u00e4 puuttuva osa tiimi\u00e4mme? \u00a0 \u00a0 <a href=\"https:\/\/bedmil.fi\/?page_id=181\">Ota yhteytt\u00e4<\/a>, kerron lis\u00e4\u00e4 !<\/h5>\n<h5><\/h5>\n<p>&nbsp;<\/p>\n<p>&nbsp;<\/p>\n","protected":false},"excerpt":{"rendered":"<p>HYV\u00c4N OLON OLOHUONE \u00a0&#8221;INVEST IN YOURSELF&#8221; -Olohuone on paikka kauneudelle ja hyvinvoinnille- J\u00e4rjest\u00e4mme teemap\u00e4ivi\u00e4 ja tietoiskuja kokonaisvaltaisen hyvinvoinnin eri osa-alueilta. ( Alkaen syksy 2017) Estetiikka ja Harmonia Kauneus Rentoutus Ravinnon voima Puhtaat lis\u00e4ravinteet &nbsp; Kehon puhdistusohjelma CellReset &#8211; Haluatko eroon vuosien saatossa kehoon kertyneest\u00e4 kuonasta&#8230;.<\/p>\n","protected":false},"author":1,"featured_media":0,"parent":0,"menu_order":0,"comment_status":"closed","ping_status":"closed","template":"","meta":{"footnotes":""},"class_list":["post-45","page","type-page","status-publish","hentry"],"_links":{"self":[{"href":"https:\/\/bedmil.fi\/index.php?rest_route=\/wp\/v2\/pages\/45","targetHints":{"allow":["GET"]}}],"collection":[{"href":"https:\/\/bedmil.fi\/index.php?rest_route=\/wp\/v2\/pages"}],"about":[{"href":"https:\/\/bedmil.fi\/index.php?rest_route=\/wp\/v2\/types\/page"}],"author":[{"embeddable":true,"href":"https:\/\/bedmil.fi\/index.php?rest_route=\/wp\/v2\/users\/1"}],"replies":[{"embeddable":true,"href":"https:\/\/bedmil.fi\/index.php?rest_route=%2Fwp%2Fv2%2Fcomments&post=45"}],"version-history":[{"count":15,"href":"https:\/\/bedmil.fi\/index.php?rest_route=\/wp\/v2\/pages\/45\/revisions"}],"predecessor-version":[{"id":377,"href":"https:\/\/bedmil.fi\/index.php?rest_route=\/wp\/v2\/pages\/45\/revisions\/377"}],"wp:attachment":[{"href":"https:\/\/bedmil.fi\/index.php?rest_route=%2Fwp%2Fv2%2Fmedia&parent=45"}],"curies":[{"name":"wp","href":"https:\/\/api.w.org\/{rel}","templated":true}]}}